{"id":4115,"date":"2021-08-31T12:32:22","date_gmt":"2021-08-31T12:32:22","guid":{"rendered":"http:\/\/goldenergy.sidndev.com\/vagos\/"},"modified":"2022-04-22T06:25:27","modified_gmt":"2022-04-22T06:25:27","slug":"vagos","status":"publish","type":"page","link":"https:\/\/goldenergy.pt\/servicos\/vagos\/","title":{"rendered":"Goldenergy em Vagos"},"content":{"rendered":"","protected":false},"excerpt":{"rendered":"","protected":false},"author":1,"featured_media":0,"parent":0,"menu_order":0,"comment_status":"open","ping_status":"open","template":"page-template\/plantilla.php","meta":[],"acf":[],"yoast_head":"<!-- This site is optimized with the Yoast SEO plugin v20.5 - https:\/\/yoast.com\/wordpress\/plugins\/seo\/ -->\n<title>Goldenergy em Vagos | Goldenergy<\/title>\n<meta name=\"description\" content=\"Site oficial da Goldenergy | Servi\u00e7o ao cliente Goldenergy em Vagos. Morada e hor\u00e1rios. Comunicar as suas leituras de g\u00e1s e eletricidade e relatar avarias.\" \/>\n<meta name=\"robots\" content=\"index, follow, max-snippet:-1, max-image-preview:large, max-video-preview:-1\" \/>\n<link rel=\"canonical\" href=\"https:\/\/goldenergy.pt\/servicos\/vagos\/\" \/>\n<meta property=\"og:locale\" content=\"pt_PT\" \/>\n<meta property=\"og:type\" content=\"article\" \/>\n<meta property=\"og:title\" content=\"Goldenergy em Vagos | Goldenergy\" \/>\n<meta property=\"og:description\" content=\"Site oficial da Goldenergy | Servi\u00e7o ao cliente Goldenergy em Vagos. Morada e hor\u00e1rios. Comunicar as suas leituras de g\u00e1s e eletricidade e relatar avarias.\" \/>\n<meta property=\"og:url\" content=\"https:\/\/goldenergy.pt\/servicos\/vagos\/\" \/>\n<meta property=\"og:site_name\" content=\"Goldenergy\" \/>\n<meta property=\"article:modified_time\" content=\"2022-04-22T06:25:27+00:00\" \/>\n<meta name=\"twitter:card\" content=\"summary_large_image\" \/>\n<!-- \/ Yoast SEO plugin. -->","yoast_head_json":{"title":"Goldenergy em Vagos | Goldenergy","description":"Site oficial da Goldenergy | Servi\u00e7o ao cliente Goldenergy em Vagos. Morada e hor\u00e1rios. Comunicar as suas leituras de g\u00e1s e eletricidade e relatar avarias.","robots":{"index":"index","follow":"follow","max-snippet":"max-snippet:-1","max-image-preview":"max-image-preview:large","max-video-preview":"max-video-preview:-1"},"canonical":"https:\/\/goldenergy.pt\/servicos\/vagos\/","og_locale":"pt_PT","og_type":"article","og_title":"Goldenergy em Vagos | Goldenergy","og_description":"Site oficial da Goldenergy | Servi\u00e7o ao cliente Goldenergy em Vagos. Morada e hor\u00e1rios. Comunicar as suas leituras de g\u00e1s e eletricidade e relatar avarias.","og_url":"https:\/\/goldenergy.pt\/servicos\/vagos\/","og_site_name":"Goldenergy","article_modified_time":"2022-04-22T06:25:27+00:00","twitter_card":"summary_large_image","schema":{"@context":"https:\/\/schema.org","@graph":[{"@type":"WebPage","@id":"https:\/\/goldenergy.pt\/servicos\/vagos\/","url":"https:\/\/goldenergy.pt\/servicos\/vagos\/","name":"Goldenergy em Vagos | Goldenergy","isPartOf":{"@id":"https:\/\/goldenergy.pt\/servicos\/#website"},"datePublished":"2021-08-31T12:32:22+00:00","dateModified":"2022-04-22T06:25:27+00:00","description":"Site oficial da Goldenergy | Servi\u00e7o ao cliente Goldenergy em Vagos. Morada e hor\u00e1rios. Comunicar as suas leituras de g\u00e1s e eletricidade e relatar avarias.","breadcrumb":{"@id":"https:\/\/goldenergy.pt\/servicos\/vagos\/#breadcrumb"},"inLanguage":"pt-PT","potentialAction":[{"@type":"ReadAction","target":["https:\/\/goldenergy.pt\/servicos\/vagos\/"]}]},{"@type":"BreadcrumbList","@id":"https:\/\/goldenergy.pt\/servicos\/vagos\/#breadcrumb","itemListElement":[{"@type":"ListItem","position":1,"name":"Home","item":"https:\/\/goldenergy.pt\/servicos\/"},{"@type":"ListItem","position":2,"name":"Goldenergy em Vagos"}]},{"@type":"WebSite","@id":"https:\/\/goldenergy.pt\/servicos\/#website","url":"https:\/\/goldenergy.pt\/servicos\/","name":"Goldenergy","description":"Servicos","potentialAction":[{"@type":"SearchAction","target":{"@type":"EntryPoint","urlTemplate":"https:\/\/goldenergy.pt\/servicos\/?s={search_term_string}"},"query-input":"required name=search_term_string"}],"inLanguage":"pt-PT"}]}},"_links":{"self":[{"href":"https:\/\/goldenergy.pt\/servicos\/wp-json\/wp\/v2\/pages\/4115"}],"collection":[{"href":"https:\/\/goldenergy.pt\/servicos\/wp-json\/wp\/v2\/pages"}],"about":[{"href":"https:\/\/goldenergy.pt\/servicos\/wp-json\/wp\/v2\/types\/page"}],"author":[{"embeddable":true,"href":"https:\/\/goldenergy.pt\/servicos\/wp-json\/wp\/v2\/users\/1"}],"replies":[{"embeddable":true,"href":"https:\/\/goldenergy.pt\/servicos\/wp-json\/wp\/v2\/comments?post=4115"}],"version-history":[{"count":1,"href":"https:\/\/goldenergy.pt\/servicos\/wp-json\/wp\/v2\/pages\/4115\/revisions"}],"predecessor-version":[{"id":4792,"href":"https:\/\/goldenergy.pt\/servicos\/wp-json\/wp\/v2\/pages\/4115\/revisions\/4792"}],"wp:attachment":[{"href":"https:\/\/goldenergy.pt\/servicos\/wp-json\/wp\/v2\/media?parent=4115"}],"curies":[{"name":"wp","href":"https:\/\/api.w.org\/{rel}","templated":true}]}}